{"id":189,"date":"2017-06-15T12:14:48","date_gmt":"2017-06-15T10:14:48","guid":{"rendered":"https:\/\/www.logiplus.com\/?page_id=189"},"modified":"2020-06-12T13:38:33","modified_gmt":"2020-06-12T11:38:33","slug":"vie-privee","status":"publish","type":"page","link":"https:\/\/www.logiplus.com\/fr\/vie-privee\/","title":{"rendered":"Politique de confidentialit\u00e9 \u2013 Vie Priv\u00e9e"},"content":{"rendered":"\n<p>Politique de confidentialit\u00e9 de <strong>LOGIPLUS SRL<\/strong> concernant la collecte, l\u2019utilisation, le transfert et la conservation de vos donn\u00e9es \u00e0 caract\u00e8re personnel relative au site www.logiplus.com.<\/p>\n\n\n\n<p>Notre politique de confidentialit\u00e9 est susceptible d\u2019\u00eatre mise \u00e0 jour \u00e0 tout moment avec effet imm\u00e9diat. LOGIPLUS SRL traite vos donn\u00e9es personnelles conform\u00e9ment aux dispositions l\u00e9gales applicables en la mati\u00e8re, \u00e0 savoir la Loi du 8 d\u00e9cembre 1992 relative \u00e0 la protection de la vie priv\u00e9e \u00e0 l\u2019\u00e9gard des traitements de donn\u00e9es \u00e0 caract\u00e8re personnel et le R\u00e8glement europ\u00e9en du 27 avril 2016 relatif \u00e0 la protection des personnes physiques \u00e0 l\u2019\u00e9gard du traitement des donn\u00e9es \u00e0 caract\u00e8re personnel et \u00e0 la libre circulation de ces donn\u00e9es.<\/p>\n\n\n\n<h2 class=\"wp-block-heading\">Qui collecte et traite vos donn\u00e9es personnelles\u00a0?<\/h2>\n\n\n\n<p>Vos donn\u00e9es personnelles sont collect\u00e9es par LOGIPLUS SRL, 1 rue Cl\u00e9ment Ader \u2013 B-6041-Gosselies Belgique.<br>LOGIPLUS SRL est le responsable du traitement de toutes les donn\u00e9es collect\u00e9es au travers du site www.logiplus.com<\/p>\n\n\n\n<p>Contact : <a href=\"mailto:info@logiplus.com\">info@logiplus.com<\/a><\/p>\n\n\n\n<h2 class=\"wp-block-heading\"><strong>Donn\u00e9es collect\u00e9es et m\u00e9thodes de collecte<\/strong><\/h2>\n\n\n\n<p>Les informations et donn\u00e9es \u00e0 caract\u00e8re personnel qui peuvent \u00eatre collect\u00e9es lorsque vous parcourez le site internet www.logiplus.com peuvent \u00eatre les suivantes :<\/p>\n\n\n\n<p>Les Donn\u00e9es relatives \u00e0 votre identit\u00e9 telles que votre nom et pr\u00e9nom ainsi que votre adresse \u00e9lectronique demand\u00e9s via le formulaire de contact;<\/p>\n\n\n\n<p>Les Donn\u00e9es relatives \u00e0 la navigation : il s\u2019agit des Donn\u00e9es relatives \u00e0 la mani\u00e8re dont vous utilisez les Sites comprenant : l\u2019adresse IP, le navigateur utilis\u00e9, la dur\u00e9e de navigation, l\u2019historique des recherches, le syst\u00e8me d\u2019exploitation utilis\u00e9, la langue et les pages visualis\u00e9es&nbsp;;<\/p>\n\n\n\n<p>Les Donn\u00e9es relatives \u00e0 l\u2019utilisation des r\u00e9seaux sociaux lorsque vous en utilisez les fonctionnalit\u00e9s. Ces informations et donn\u00e9es \u00e0 caract\u00e8re personnel peuvent \u00eatre collect\u00e9es ou trait\u00e9es par le biais de formulaires \u00e0 remplir pour obtenir certaines informations sur notre site ou par le biais de cookies.<\/p>\n\n\n\n<h2 class=\"wp-block-heading\"><strong>Traitements de vos donn\u00e9es \u00e0 caract\u00e8re personnel et finalit\u00e9s<\/strong><\/h2>\n\n\n\n<p>Les donn\u00e9es vous concernant sont recueillies en vue de vous assurer une information compl\u00e8te et de qualit\u00e9 et d\u2019assurer un suivi \u00e0 vos demandes.<\/p>\n\n\n\n<p>Toutes les informations que nous recueillons aupr\u00e8s de vous peuvent \u00eatre utilis\u00e9es pour :<\/p>\n\n\n\n<ul class=\"wp-block-list\"><li>Personnaliser votre exp\u00e9rience et r\u00e9pondre \u00e0 vos besoins individuels<\/li><li>Fournir un contenu publicitaire personnalis\u00e9<\/li><li>Am\u00e9liorer notre site Web<\/li><li>Vous contacter par e-mail\/ou t\u00e9l\u00e9phone<\/li><li>A des fins statistiques<\/li><\/ul>\n\n\n\n<h2 class=\"wp-block-heading\"><strong>Protection et Destination des donn\u00e9es personnelles<\/strong><\/h2>\n\n\n\n<p>LOGIPLUS SRL est l\u2019unique destinataire de vos donn\u00e9es personnelles et ne les commercialise pas.<\/p>\n\n\n\n<p>Si cela s\u2019av\u00e8re n\u00e9cessaire, nous pouvons communiquer vos donn\u00e9es collect\u00e9es sur le site www.logiplus.com aux destinataires habilit\u00e9s que sont&nbsp;:<\/p>\n\n\n\n<ul class=\"wp-block-list\"><li>Le personnel concern\u00e9 de la soci\u00e9t\u00e9 LOGIPLUS SRL<\/li><li>Nos prestataires de services et\/ou partenaires \u00e9conomiques<\/li><li>Les fournisseurs de services tiers, tels que les fournisseurs de services d\u2019h\u00e9bergement de sites<\/li><\/ul>\n\n\n\n<p>LOGIPLUS SRL prend des pr\u00e9cautions pour prot\u00e9ger vos donn\u00e9es personnelles contre la perte, le vol et la mauvaise utilisation, ainsi que l\u2019acc\u00e8s, la divulgation, l\u2019alt\u00e9ration et la destruction non autoris\u00e9s ainsi que tout autre traitement non autoris\u00e9 de donn\u00e9es \u00e0 caract\u00e8re personnel.<\/p>\n\n\n\n<h2 class=\"wp-block-heading\"><strong>Dur\u00e9e de conservation des donn\u00e9es<\/strong><\/h2>\n\n\n\n<p>Les donn\u00e9es personnelles sont conserv\u00e9es pour la dur\u00e9e n\u00e9cessaire aux finalit\u00e9s d\u00e9crites dans la pr\u00e9sente politique de confidentialit\u00e9, sauf si une p\u00e9riode de conservation plus longue est impos\u00e9e ou permise par la loi.<\/p>\n\n\n\n<h2 class=\"wp-block-heading\"><strong>Droit d\u2019acc\u00e8s et de rectification<\/strong><\/h2>\n\n\n\n<p>Conform\u00e9ment \u00e0 la loi belge du 30 juillet 2018-&nbsp; relative \u00e0 la protection des personnes physiques \u00e0 l\u2019\u00e9gard des traitements de donn\u00e9es \u00e0 caract\u00e8re personnel et, \u00e0 partir du 25 mai 2018, au R\u00e8glement Europ\u00e9en 2016\/679 du Parlement Europ\u00e9en et du Conseil du 27 avril 2016 relatif \u00e0 la protection des personnes physiques \u00e0 l\u2019\u00e9gard du traitement des donn\u00e9es \u00e0 caract\u00e8re personnel et \u00e0 la libre circulation de ces donn\u00e9es, et abrogeant la Directive 95\/46\/CE (R\u00e8glement G\u00e9n\u00e9ral sur la Protection des Donn\u00e9es), les utilisateurs dont les donn\u00e9es ont \u00e9t\u00e9 collect\u00e9es disposent du droit de consulter ces donn\u00e9es, de demander leur correction ou, si n\u00e9cessaire, leur suppression.<\/p>\n\n\n\n<p>Vous disposez \u00e9galement d\u2019un droit d\u2019opposition au traitement de vos donn\u00e9es personnelles \u00e0 des fins de prospection commerciale. Lorsque la loi l\u2019exige, vos donn\u00e9es ne seront utilis\u00e9es \u00e0 des fins de prospection par voie \u00e9lectronique qu\u2019apr\u00e8s avoir recueilli votre consentement explicite.<\/p>\n\n\n\n<p>Les utilisateurs peuvent \u00e9galement s\u2019opposer au traitement des donn\u00e9es les concernant. Ces droits peuvent \u00eatre exerc\u00e9s en nous adressant une demande \u00e0 l\u2019adresse e-mail <a href=\"mailto:info@logiplus.com\">info@logiplus.com<\/a> Vous disposez \u00e9galement d\u2019un droit de recours aupr\u00e8s la Commission Belge de la Protection de la Vie Priv\u00e9e en cas de violation de la r\u00e9glementation applicable en mati\u00e8re de protection des donn\u00e9es Personnelles et notamment du RGPD. Les plaintes en cas de violation des r\u00e8gles belges applicables en mati\u00e8re de protection des donn\u00e9es \u00e0 caract\u00e8re personnel sur ce Site Web peuvent \u00eatre adress\u00e9es\u00a0 \u00e0 l\u2019adresse\u00a0: <a href=\"mailto:commission@privacycommission.be\">commission@privacycommission.be<\/a>.\u00a0<\/p>\n\n\n\n<h2 class=\"wp-block-heading\"><strong>Les cookies<\/strong><\/h2>\n\n\n\n<p>Notre site utilise des cookies, afin d\u2019am\u00e9liorer les fonctionnalit\u00e9s qu\u2019il propose.<\/p>\n\n\n\n<h3 class=\"wp-block-heading\"><strong>Qu\u2019est-ce qu\u2019un \u00ab&nbsp;cookie&nbsp;\u00bb ?<\/strong><\/h3>\n\n\n\n<p>Un \u00ab&nbsp;cookie&nbsp;\u00bb est une suite d\u2019informations, g\u00e9n\u00e9ralement de petite taille et identifi\u00e9 par un nom, qui peut \u00eatre transmis \u00e0 votre navigateur par un site web sur lequel vous vous connectez. Votre navigateur web le conservera pendant une certaine dur\u00e9e, et le renverra au serveur web chaque fois que vous vous y re-connecterez. Les&nbsp;cookies&nbsp;ont de multiples usages : ils peuvent servir \u00e0 m\u00e9moriser votre identifiant client aupr\u00e8s d\u2019un site marchand, le contenu courant de votre panier d\u2019achat, un identifiant permettant de tracer votre navigation pour des finalit\u00e9s statistiques ou publicitaires,&nbsp;etc.<\/p>\n\n\n\n<h3 class=\"wp-block-heading\"><strong>G\u00e9rer les cookies depuis mon navigateur<\/strong><\/h3>\n\n\n\n<p>Pour obtenir des informations sp\u00e9cifiques sur la configuration des cookies sur les navigateurs suivants, cliquez sur le lien correspondant ci-apr\u00e8s\u00a0:<\/p>\n\n\n\n<ul class=\"wp-block-list\"><li><a rel=\"noreferrer noopener\" href=\"https:\/\/support.microsoft.com\/en-us\/help\/278835\/how-to-delete-cookie-files-in-internet-explorer\" target=\"_blank\">Internet Explorer<\/a><\/li><li><a rel=\"noreferrer noopener\" href=\"http:\/\/support.mozilla.org\/en-US\/kb\/Cookies\" target=\"_blank\">Firefox<\/a><\/li><li><a href=\"http:\/\/support.google.com\/chrome\/bin\/answer.py?hl=en&amp;answer=95647\">Chrome<\/a><\/li><li><a rel=\"noreferrer noopener\" href=\"https:\/\/support.apple.com\/fr-be\/guide\/safari\/sfri11471\/mac\" target=\"_blank\">Safari<\/a><\/li><\/ul>\n\n\n\n<h3 class=\"wp-block-heading\"><strong>Cookies internes n\u00e9cessaires au site pour fonctionner<\/strong><\/h3>\n\n\n\n<p>Ces cookies permettent au site de fonctionner.<\/p>\n\n\n\n<figure class=\"wp-block-table\"><table><tbody><tr><td><strong>Nom<\/strong><\/td><td><strong>Description<\/strong><\/td><td><strong>Source<\/strong><\/td><td><strong>Dur\u00e9e de vie<\/strong><\/td><\/tr><tr><td>_icl_visitor_lang_js<\/td><td>Stocke la langue redirig\u00e9e.<\/td><td>WordPress (plugin WPML)<\/td><td>1 jour<\/td><\/tr><tr><td>wp-wpml_current_language<\/td><td>Stocke la langue actuelle<\/td><td>WordPress (plugin WPML)<\/td><td>1 jour<\/td><\/tr><tr><td>wpml_browser_redirect_test<\/td><td>Teste si les cookies sont activ\u00e9s.<\/td><td>WordPress (plugin WPML)<\/td><td>Session<\/td><\/tr><tr><td>wordpress_test_cookie<\/td><td>Teste si les cookies sont activ\u00e9s.<\/td><td>WordPress<\/td><td>Session<\/td><\/tr><tr><td>tarteaucitron<\/td><td>Stocke vos pr\u00e9f\u00e9rences des cookies<\/td><td>WordPress<\/td><td>365 jours<\/td><\/tr><\/tbody><\/table><\/figure>\n\n\n\n<h3 class=\"wp-block-heading\">Services tiers<\/h3>\n\n\n\n<p>Le site s\u2019appuie sur certains services propos\u00e9s par des sites tiers :<\/p>\n\n\n\n<ul class=\"wp-block-list\"><li>Google Maps<\/li><\/ul>\n\n\n\n<p>Le site s\u2019appuie sur certains services propos\u00e9s par des sites tiers. Ces fonctionnalit\u00e9s utilisent des cookies tiers directement d\u00e9pos\u00e9s par ces services.<\/p>\n\n\n\n<p>Lors de votre premi\u00e8re visite, un bandeau vous informe de la pr\u00e9sence de ces cookies et vous invite \u00e0 indiquer votre choix. Ils ne sont d\u00e9pos\u00e9s que si vous les acceptez ou que vous poursuivez votre navigation sur le site en visitant une seconde page. Vous pouvez \u00e0 tout moment vous informer et param\u00e9trer vos cookies pour les accepter ou les refuser en vous rendant sur la page&nbsp;<a href=\"javascript:tarteaucitron.userInterface.openPanel();\">[Gestion des cookies]<\/a>&nbsp;pr\u00e9sente en haut de chaque page du site. Vous pourrez indiquer votre pr\u00e9f\u00e9rence soit globalement pour le site, soit service par service.<\/p>\n","protected":false},"excerpt":{"rendered":"<p>Politique de confidentialit\u00e9 de LOGIPLUS SRL concernant la collecte, l\u2019utilisation, le transfert et la conservation de vos donn\u00e9es \u00e0 caract\u00e8re personnel relative au site www.logiplus.com. Notre politique de confidentialit\u00e9 est susceptible d\u2019\u00eatre mise \u00e0 jour \u00e0 tout moment avec effet imm\u00e9diat. LOGIPLUS SRL traite vos donn\u00e9es personnelles conform\u00e9ment aux dispositions l\u00e9gales applicables en la mati\u00e8re, [&hellip;]<\/p>\n","protected":false},"author":1,"featured_media":0,"parent":0,"menu_order":0,"comment_status":"closed","ping_status":"closed","template":"page-template\/firstlevelpage.php","meta":{"_acf_changed":false,"footnotes":""},"class_list":["post-189","page","type-page","status-publish","hentry"],"acf":[],"yoast_head":"<!-- This site is optimized with the Yoast SEO plugin v27.4 - https:\/\/yoast.com\/product\/yoast-seo-wordpress\/ -->\n<title>Politique de confidentialit\u00e9 \u2013 Vie Priv\u00e9e - Logiplus<\/title>\n<meta name=\"robots\" content=\"index, follow, max-snippet:-1, max-image-preview:large, max-video-preview:-1\" \/>\n<link rel=\"canonical\" href=\"https:\/\/www.logiplus.com\/fr\/vie-privee\/\" \/>\n<meta property=\"og:locale\" content=\"fr_FR\" \/>\n<meta property=\"og:type\" content=\"article\" \/>\n<meta property=\"og:title\" content=\"Politique de confidentialit\u00e9 \u2013 Vie Priv\u00e9e - Logiplus\" \/>\n<meta property=\"og:description\" content=\"Politique de confidentialit\u00e9 de LOGIPLUS SRL concernant la collecte, l\u2019utilisation, le transfert et la conservation de vos donn\u00e9es \u00e0 caract\u00e8re personnel relative au site www.logiplus.com. Notre politique de confidentialit\u00e9 est susceptible d\u2019\u00eatre mise \u00e0 jour \u00e0 tout moment avec effet imm\u00e9diat. LOGIPLUS SRL traite vos donn\u00e9es personnelles conform\u00e9ment aux dispositions l\u00e9gales applicables en la mati\u00e8re, [&hellip;]\" \/>\n<meta property=\"og:url\" content=\"https:\/\/www.logiplus.com\/fr\/vie-privee\/\" \/>\n<meta property=\"og:site_name\" content=\"Logiplus\" \/>\n<meta property=\"article:modified_time\" content=\"2020-06-12T11:38:33+00:00\" \/>\n<meta name=\"twitter:card\" content=\"summary_large_image\" \/>\n<meta name=\"twitter:label1\" content=\"Dur\u00e9e de lecture estim\u00e9e\" \/>\n\t<meta name=\"twitter:data1\" content=\"6 minutes\" \/>\n<script type=\"application\/ld+json\" class=\"yoast-schema-graph\">{\"@context\":\"https:\\\/\\\/schema.org\",\"@graph\":[{\"@type\":\"WebPage\",\"@id\":\"https:\\\/\\\/www.logiplus.com\\\/fr\\\/vie-privee\\\/\",\"url\":\"https:\\\/\\\/www.logiplus.com\\\/fr\\\/vie-privee\\\/\",\"name\":\"Politique de confidentialit\u00e9 \u2013 Vie Priv\u00e9e - Logiplus\",\"isPartOf\":{\"@id\":\"https:\\\/\\\/www.logiplus.com\\\/fr\\\/#website\"},\"datePublished\":\"2017-06-15T10:14:48+00:00\",\"dateModified\":\"2020-06-12T11:38:33+00:00\",\"breadcrumb\":{\"@id\":\"https:\\\/\\\/www.logiplus.com\\\/fr\\\/vie-privee\\\/#breadcrumb\"},\"inLanguage\":\"fr-FR\",\"potentialAction\":[{\"@type\":\"ReadAction\",\"target\":[\"https:\\\/\\\/www.logiplus.com\\\/fr\\\/vie-privee\\\/\"]}]},{\"@type\":\"BreadcrumbList\",\"@id\":\"https:\\\/\\\/www.logiplus.com\\\/fr\\\/vie-privee\\\/#breadcrumb\",\"itemListElement\":[{\"@type\":\"ListItem\",\"position\":1,\"name\":\"Home\",\"item\":\"https:\\\/\\\/www.logiplus.com\\\/fr\\\/\"},{\"@type\":\"ListItem\",\"position\":2,\"name\":\"Politique de confidentialit\u00e9 \u2013 Vie Priv\u00e9e\"}]},{\"@type\":\"WebSite\",\"@id\":\"https:\\\/\\\/www.logiplus.com\\\/fr\\\/#website\",\"url\":\"https:\\\/\\\/www.logiplus.com\\\/fr\\\/\",\"name\":\"Logiplus\",\"description\":\"\",\"potentialAction\":[{\"@type\":\"SearchAction\",\"target\":{\"@type\":\"EntryPoint\",\"urlTemplate\":\"https:\\\/\\\/www.logiplus.com\\\/fr\\\/?s={search_term_string}\"},\"query-input\":{\"@type\":\"PropertyValueSpecification\",\"valueRequired\":true,\"valueName\":\"search_term_string\"}}],\"inLanguage\":\"fr-FR\"}]}<\/script>\n<!-- \/ Yoast SEO plugin. -->","yoast_head_json":{"title":"Politique de confidentialit\u00e9 \u2013 Vie Priv\u00e9e - Logiplus","robots":{"index":"index","follow":"follow","max-snippet":"max-snippet:-1","max-image-preview":"max-image-preview:large","max-video-preview":"max-video-preview:-1"},"canonical":"https:\/\/www.logiplus.com\/fr\/vie-privee\/","og_locale":"fr_FR","og_type":"article","og_title":"Politique de confidentialit\u00e9 \u2013 Vie Priv\u00e9e - Logiplus","og_description":"Politique de confidentialit\u00e9 de LOGIPLUS SRL concernant la collecte, l\u2019utilisation, le transfert et la conservation de vos donn\u00e9es \u00e0 caract\u00e8re personnel relative au site www.logiplus.com. Notre politique de confidentialit\u00e9 est susceptible d\u2019\u00eatre mise \u00e0 jour \u00e0 tout moment avec effet imm\u00e9diat. LOGIPLUS SRL traite vos donn\u00e9es personnelles conform\u00e9ment aux dispositions l\u00e9gales applicables en la mati\u00e8re, [&hellip;]","og_url":"https:\/\/www.logiplus.com\/fr\/vie-privee\/","og_site_name":"Logiplus","article_modified_time":"2020-06-12T11:38:33+00:00","twitter_card":"summary_large_image","twitter_misc":{"Dur\u00e9e de lecture estim\u00e9e":"6 minutes"},"schema":{"@context":"https:\/\/schema.org","@graph":[{"@type":"WebPage","@id":"https:\/\/www.logiplus.com\/fr\/vie-privee\/","url":"https:\/\/www.logiplus.com\/fr\/vie-privee\/","name":"Politique de confidentialit\u00e9 \u2013 Vie Priv\u00e9e - Logiplus","isPartOf":{"@id":"https:\/\/www.logiplus.com\/fr\/#website"},"datePublished":"2017-06-15T10:14:48+00:00","dateModified":"2020-06-12T11:38:33+00:00","breadcrumb":{"@id":"https:\/\/www.logiplus.com\/fr\/vie-privee\/#breadcrumb"},"inLanguage":"fr-FR","potentialAction":[{"@type":"ReadAction","target":["https:\/\/www.logiplus.com\/fr\/vie-privee\/"]}]},{"@type":"BreadcrumbList","@id":"https:\/\/www.logiplus.com\/fr\/vie-privee\/#breadcrumb","itemListElement":[{"@type":"ListItem","position":1,"name":"Home","item":"https:\/\/www.logiplus.com\/fr\/"},{"@type":"ListItem","position":2,"name":"Politique de confidentialit\u00e9 \u2013 Vie Priv\u00e9e"}]},{"@type":"WebSite","@id":"https:\/\/www.logiplus.com\/fr\/#website","url":"https:\/\/www.logiplus.com\/fr\/","name":"Logiplus","description":"","potentialAction":[{"@type":"SearchAction","target":{"@type":"EntryPoint","urlTemplate":"https:\/\/www.logiplus.com\/fr\/?s={search_term_string}"},"query-input":{"@type":"PropertyValueSpecification","valueRequired":true,"valueName":"search_term_string"}}],"inLanguage":"fr-FR"}]}},"_links":{"self":[{"href":"https:\/\/www.logiplus.com\/fr\/wp-json\/wp\/v2\/pages\/189","targetHints":{"allow":["GET"]}}],"collection":[{"href":"https:\/\/www.logiplus.com\/fr\/wp-json\/wp\/v2\/pages"}],"about":[{"href":"https:\/\/www.logiplus.com\/fr\/wp-json\/wp\/v2\/types\/page"}],"author":[{"embeddable":true,"href":"https:\/\/www.logiplus.com\/fr\/wp-json\/wp\/v2\/users\/1"}],"replies":[{"embeddable":true,"href":"https:\/\/www.logiplus.com\/fr\/wp-json\/wp\/v2\/comments?post=189"}],"version-history":[{"count":12,"href":"https:\/\/www.logiplus.com\/fr\/wp-json\/wp\/v2\/pages\/189\/revisions"}],"predecessor-version":[{"id":1288,"href":"https:\/\/www.logiplus.com\/fr\/wp-json\/wp\/v2\/pages\/189\/revisions\/1288"}],"wp:attachment":[{"href":"https:\/\/www.logiplus.com\/fr\/wp-json\/wp\/v2\/media?parent=189"}],"curies":[{"name":"wp","href":"https:\/\/api.w.org\/{rel}","templated":true}]}}