{"id":175,"date":"2017-06-15T11:44:51","date_gmt":"2017-06-15T09:44:51","guid":{"rendered":"https:\/\/www.logiplus.com\/?page_id=175"},"modified":"2020-06-17T11:50:01","modified_gmt":"2020-06-17T09:50:01","slug":"nos-produits","status":"publish","type":"page","link":"https:\/\/www.logiplus.com\/fr\/nos-produits\/","title":{"rendered":"Nos produits"},"content":{"rendered":"\n<h2 style=\"margin-bottom: 35px\">Produits ferroviaires<\/h2><div class=\"row\"><div class=\"col-sm-6 col-md-4\">\n                            <a href=\"https:\/\/www.logiplus.com\/fr\/nos-produits\/enregistreurs-juridiques-ertms\/\" class=\"product_category\" title=\"Voir les produits\">\n                                <div class=\"thumbnail\">\n                                    \n                                  <img decoding=\"async\" src=\"https:\/\/www.logiplus.com\/wp-content\/uploads\/2022\/08\/TRU-SNCB-AMAR-de-profil-fond-blanc_200px_200px-1.jpg\">\n                                  <div class=\"caption\">\n                                    <h3>Enregistreurs juridiques - ERTMS<\/h3>\n                                    Enregistreurs juridiques et enregistreurs d'\u00e9v\u00e9nements pour l'ERTMS dot\u00e9s d'une unit\u00e9 de m\u00e9morisation prot\u00e9g\u00e9e contre les accidents et l'incendie.\r\n<div id=\"ConnectiveDocSignExtentionInstalled\" data-extension-version=\"1.0.4\"><\/div>        \n                                  <\/div>\n                                <\/div>\n                                \n                            <\/a>\n                        <\/div><div class=\"col-sm-6 col-md-4\">\n                            <a href=\"https:\/\/www.logiplus.com\/fr\/nos-produits\/lecteur-de-badges-controle-dacces-profil-de-mission-mission-tag\/\" class=\"product_category\" title=\"Voir les produits\">\n                                <div class=\"thumbnail\">\n                                    \n                                  <img decoding=\"async\" src=\"https:\/\/www.logiplus.com\/wp-content\/uploads\/2020\/05\/badgesb3-1.jpg\">\n                                  <div class=\"caption\">\n                                    <h3>Lecteur de Badges - Contr\u00f4le d'acc\u00e8s - Profil de mission (Mission Tag)<\/h3>\n                                    Syst\u00e8me lecteur de badges pour le contr\u00f4le d'acc\u00e8s \u00e0 bord du train et de la cabine. Le badge contient l'identification du conducteur et d'autres informations relatives au profil de la mission (Mission Tag) pour acc\u00e9l\u00e9rer la phase d'entr\u00e9e de donn\u00e9es avant d\u00e9part.        \n                                  <\/div>\n                                <\/div>\n                                \n                            <\/a>\n                        <\/div><div class=\"col-sm-6 col-md-4\">\n                            <a href=\"https:\/\/www.logiplus.com\/fr\/nos-produits\/generateurs-de-sons\/\" class=\"product_category\" title=\"Voir les produits\">\n                                <div class=\"thumbnail\">\n                                    \n                                  <img decoding=\"async\" src=\"https:\/\/www.logiplus.com\/wp-content\/uploads\/2020\/05\/railtoneplus-1.jpg\">\n                                  <div class=\"caption\">\n                                    <h3>G\u00e9n\u00e9rateurs de sons<\/h3>\n                                    Des g\u00e9n\u00e9rateurs de sons \u00e9lectroniques qui remplacent avantageusement les g\u00e9n\u00e9rateurs \u00e9lectrom\u00e9caniques (cloches, buzzers, etc) en cabine de conduite; dimensions r\u00e9duites, fiabilit\u00e9 excellente, reprogrammation et ajustement du volume des sons tr\u00e8s ais\u00e9s.        \n                                  <\/div>\n                                <\/div>\n                                \n                            <\/a>\n                        <\/div><\/div><div class=\"row\"><div class=\"col-sm-6 col-md-4\">\n                            <a href=\"https:\/\/www.logiplus.com\/fr\/nos-produits\/indicateurs-de-vitesse-sncf\/\" class=\"product_category\" title=\"Voir les produits\">\n                                <div class=\"thumbnail\">\n                                    \n                                  <img decoding=\"async\" src=\"https:\/\/www.logiplus.com\/wp-content\/uploads\/2020\/05\/indicateur_vitesse_sncf-1.jpg\">\n                                  <div class=\"caption\">\n                                    <h3>Indicateurs de vitesse SNCF<\/h3>\n                                    Une gamme d'indicateurs de vitesse pour ATESS, homologu\u00e9s par la SNCF (SAM-S-702) et d\u00e9j\u00e0 install\u00e9s dans des milliers de trains.         \n                                  <\/div>\n                                <\/div>\n                                \n                            <\/a>\n                        <\/div><div class=\"col-sm-6 col-md-4\">\n                            <a href=\"https:\/\/www.logiplus.com\/fr\/nos-produits\/indicateurs-de-vitesse\/\" class=\"product_category\" title=\"Voir les produits\">\n                                <div class=\"thumbnail\">\n                                    \n                                  <img decoding=\"async\" src=\"https:\/\/www.logiplus.com\/wp-content\/uploads\/2020\/05\/iv40-1.jpg\">\n                                  <div class=\"caption\">\n                                    <h3>Indicateurs de vitesse<\/h3>\n                                    Des indicateurs de vitesse \u00e0 simple ou double aiguille, bas\u00e9s sur des galvanom\u00e8tres, des moteurs servo-contr\u00f4l\u00e9s ou des afficheurs \u00e0 cristaux liquides.         \n                                  <\/div>\n                                <\/div>\n                                \n                            <\/a>\n                        <\/div><div class=\"col-sm-6 col-md-4\">\n                            <a href=\"https:\/\/www.logiplus.com\/fr\/nos-produits\/horloge-gps-et-antennes\/\" class=\"product_category\" title=\"Voir les produits\">\n                                <div class=\"thumbnail\">\n                                    \n                                  <img decoding=\"async\" src=\"https:\/\/www.logiplus.com\/wp-content\/uploads\/2020\/05\/horlogegps-1.jpg\">\n                                  <div class=\"caption\">\n                                    <h3>Horloge GPS et Antennes<\/h3>\n                                    Horloge synchronis\u00e9e par GPS pour unifier l'affichage de l'heure sur l'ensemble du r\u00e9seau. Antennes GPS pour installation \u00e0 l'int\u00e9rieur ou \u00e0 l'ext\u00e9rieur du train.        \n                                  <\/div>\n                                <\/div>\n                                \n                            <\/a>\n                        <\/div><\/div><div class=\"row\"><div class=\"col-sm-6 col-md-4\">\n                            <a href=\"https:\/\/www.logiplus.com\/fr\/nos-produits\/terminaux-dentree-de-donnees-data-entry\/\" class=\"product_category\" title=\"Voir les produits\">\n                                <div class=\"thumbnail\">\n                                    \n                                  <img decoding=\"async\" src=\"https:\/\/www.logiplus.com\/wp-content\/uploads\/2020\/05\/dataentryatess-1.jpg\">\n                                  <div class=\"caption\">\n                                    <h3>Terminaux d'entr\u00e9e de donn\u00e9es (Data Entry)<\/h3>\n                                    Terminaux robustes pour l'entr\u00e9e d'informations \u00e0 bord du train. Grand \u00e9cran LCD, clavier r\u00e9tro-\u00e9clair\u00e9, diff\u00e9rentes options de liaisons s\u00e9rie.        \n                                  <\/div>\n                                <\/div>\n                                \n                            <\/a>\n                        <\/div><div class=\"col-sm-6 col-md-4\">\n                            <a href=\"https:\/\/www.logiplus.com\/fr\/nos-produits\/encodeurs-pwm-de-traction-freinage-sil0-ou-sil2\/\" class=\"product_category\" title=\"Voir les produits\">\n                                <div class=\"thumbnail\">\n                                    \n                                  <img decoding=\"async\" src=\"https:\/\/www.logiplus.com\/wp-content\/uploads\/2020\/05\/emcoplus-1.jpg\">\n                                  <div class=\"caption\">\n                                    <h3>Encodeurs PWM de Traction\/Freinage - SIL0 ou SIL2<\/h3>\n                                    Une gamme d'encodeurs PWM utilis\u00e9s pour contr\u00f4ler les lignes train de traction\/freinage. Le produit EMCO+ d\u00e9velopp\u00e9 pour le train NAT de la SNCF pr\u00e9sente un niveau de s\u00e9curit\u00e9 SIL2 et contr\u00f4le le freinage pneumatique.        \n                                  <\/div>\n                                <\/div>\n                                \n                            <\/a>\n                        <\/div><div class=\"col-sm-6 col-md-4\">\n                            <a href=\"https:\/\/www.logiplus.com\/fr\/nos-produits\/detection-de-hauteur-de-quai-sil2\/\" class=\"product_category\" title=\"Voir les produits\">\n                                <div class=\"thumbnail\">\n                                    \n                                  <img decoding=\"async\" src=\"https:\/\/www.logiplus.com\/wp-content\/uploads\/2020\/05\/tiroir_ufr_lr-1.jpg\">\n                                  <div class=\"caption\">\n                                    <h3>D\u00e9tection de hauteur de quai - SIL2<\/h3>\n                                    Un syst\u00e8me de d\u00e9tection de hauteur de quai pour l'acc\u00e8s \u00e0 bord des usagers en fauteuil roulant.        \n                                  <\/div>\n                                <\/div>\n                                \n                            <\/a>\n                        <\/div><\/div><div class=\"row\"><div class=\"col-sm-6 col-md-4\">\n                            <a href=\"https:\/\/www.logiplus.com\/fr\/nos-produits\/afficheurs-en-cabine-ou-cab-displays\/\" class=\"product_category\" title=\"Voir les produits\">\n                                <div class=\"thumbnail\">\n                                    \n                                  <img decoding=\"async\" src=\"https:\/\/www.logiplus.com\/wp-content\/uploads\/2020\/05\/dd437000-2.jpg\">\n                                  <div class=\"caption\">\n                                    <h3>Afficheurs en cabine ou 'Cab Displays'<\/h3>\n                                    Des afficheurs en cabine ou 'Cab Displays' pour les syst\u00e8mes de protection automatique des trains (Automatic Train Protection). Outre la vitesse r\u00e9elle du train, diff\u00e9rentes informations sont affich\u00e9es pour le conducteur, comme la distance-but, la vitesse-but et la vitesse instantan\u00e9e autoris\u00e9e.        \n                                  <\/div>\n                                <\/div>\n                                \n                            <\/a>\n                        <\/div><div class=\"col-sm-6 col-md-4\">\n                            <a href=\"https:\/\/www.logiplus.com\/fr\/nos-produits\/ibox-gateway-europeen-sil2\/\" class=\"product_category\" title=\"Voir les produits\">\n                                <div class=\"thumbnail\">\n                                    \n                                  <img decoding=\"async\" src=\"https:\/\/www.logiplus.com\/wp-content\/uploads\/2020\/05\/ibox_lr-1.jpg\">\n                                  <div class=\"caption\">\n                                    <h3>iBox - Gateway Europ\u00e9en SIL2<\/h3>\n                                    iBox s'interface avec la plupart des syst\u00e8mes de Protection Automatique des Trains (ATP) nationaux et avec l'ERTMS.\r\nIl permet de concentrer l'information de conduite sur un seul \u00e9cran SIL2 ou sur un r\u00e9seau ethernet d'\u00e9crans SIL2.        \n                                  <\/div>\n                                <\/div>\n                                \n                            <\/a>\n                        <\/div><\/div>\n","protected":false},"excerpt":{"rendered":"","protected":false},"author":1,"featured_media":0,"parent":0,"menu_order":0,"comment_status":"closed","ping_status":"closed","template":"page-template\/secondlevelpage.php","meta":{"_acf_changed":false,"footnotes":""},"class_list":["post-175","page","type-page","status-publish","hentry"],"acf":[],"yoast_head":"<!-- This site is optimized with the Yoast SEO plugin v27.3 - https:\/\/yoast.com\/product\/yoast-seo-wordpress\/ -->\n<title>Nos produits - Logiplus<\/title>\n<meta name=\"robots\" content=\"index, follow, max-snippet:-1, max-image-preview:large, max-video-preview:-1\" \/>\n<link rel=\"canonical\" href=\"https:\/\/www.logiplus.com\/fr\/nos-produits\/\" \/>\n<meta property=\"og:locale\" content=\"fr_FR\" \/>\n<meta property=\"og:type\" content=\"article\" \/>\n<meta property=\"og:title\" content=\"Nos produits - Logiplus\" \/>\n<meta property=\"og:url\" content=\"https:\/\/www.logiplus.com\/fr\/nos-produits\/\" \/>\n<meta property=\"og:site_name\" content=\"Logiplus\" \/>\n<meta property=\"article:modified_time\" content=\"2020-06-17T09:50:01+00:00\" \/>\n<meta name=\"twitter:card\" content=\"summary_large_image\" \/>\n<script type=\"application\/ld+json\" class=\"yoast-schema-graph\">{\"@context\":\"https:\\\/\\\/schema.org\",\"@graph\":[{\"@type\":\"WebPage\",\"@id\":\"https:\\\/\\\/www.logiplus.com\\\/fr\\\/nos-produits\\\/\",\"url\":\"https:\\\/\\\/www.logiplus.com\\\/fr\\\/nos-produits\\\/\",\"name\":\"Nos produits - Logiplus\",\"isPartOf\":{\"@id\":\"https:\\\/\\\/www.logiplus.com\\\/fr\\\/#website\"},\"datePublished\":\"2017-06-15T09:44:51+00:00\",\"dateModified\":\"2020-06-17T09:50:01+00:00\",\"breadcrumb\":{\"@id\":\"https:\\\/\\\/www.logiplus.com\\\/fr\\\/nos-produits\\\/#breadcrumb\"},\"inLanguage\":\"fr-FR\",\"potentialAction\":[{\"@type\":\"ReadAction\",\"target\":[\"https:\\\/\\\/www.logiplus.com\\\/fr\\\/nos-produits\\\/\"]}]},{\"@type\":\"BreadcrumbList\",\"@id\":\"https:\\\/\\\/www.logiplus.com\\\/fr\\\/nos-produits\\\/#breadcrumb\",\"itemListElement\":[{\"@type\":\"ListItem\",\"position\":1,\"name\":\"Home\",\"item\":\"https:\\\/\\\/www.logiplus.com\\\/fr\\\/\"},{\"@type\":\"ListItem\",\"position\":2,\"name\":\"Nos produits\"}]},{\"@type\":\"WebSite\",\"@id\":\"https:\\\/\\\/www.logiplus.com\\\/fr\\\/#website\",\"url\":\"https:\\\/\\\/www.logiplus.com\\\/fr\\\/\",\"name\":\"Logiplus\",\"description\":\"\",\"potentialAction\":[{\"@type\":\"SearchAction\",\"target\":{\"@type\":\"EntryPoint\",\"urlTemplate\":\"https:\\\/\\\/www.logiplus.com\\\/fr\\\/?s={search_term_string}\"},\"query-input\":{\"@type\":\"PropertyValueSpecification\",\"valueRequired\":true,\"valueName\":\"search_term_string\"}}],\"inLanguage\":\"fr-FR\"}]}<\/script>\n<!-- \/ Yoast SEO plugin. -->","yoast_head_json":{"title":"Nos produits - Logiplus","robots":{"index":"index","follow":"follow","max-snippet":"max-snippet:-1","max-image-preview":"max-image-preview:large","max-video-preview":"max-video-preview:-1"},"canonical":"https:\/\/www.logiplus.com\/fr\/nos-produits\/","og_locale":"fr_FR","og_type":"article","og_title":"Nos produits - Logiplus","og_url":"https:\/\/www.logiplus.com\/fr\/nos-produits\/","og_site_name":"Logiplus","article_modified_time":"2020-06-17T09:50:01+00:00","twitter_card":"summary_large_image","schema":{"@context":"https:\/\/schema.org","@graph":[{"@type":"WebPage","@id":"https:\/\/www.logiplus.com\/fr\/nos-produits\/","url":"https:\/\/www.logiplus.com\/fr\/nos-produits\/","name":"Nos produits - Logiplus","isPartOf":{"@id":"https:\/\/www.logiplus.com\/fr\/#website"},"datePublished":"2017-06-15T09:44:51+00:00","dateModified":"2020-06-17T09:50:01+00:00","breadcrumb":{"@id":"https:\/\/www.logiplus.com\/fr\/nos-produits\/#breadcrumb"},"inLanguage":"fr-FR","potentialAction":[{"@type":"ReadAction","target":["https:\/\/www.logiplus.com\/fr\/nos-produits\/"]}]},{"@type":"BreadcrumbList","@id":"https:\/\/www.logiplus.com\/fr\/nos-produits\/#breadcrumb","itemListElement":[{"@type":"ListItem","position":1,"name":"Home","item":"https:\/\/www.logiplus.com\/fr\/"},{"@type":"ListItem","position":2,"name":"Nos produits"}]},{"@type":"WebSite","@id":"https:\/\/www.logiplus.com\/fr\/#website","url":"https:\/\/www.logiplus.com\/fr\/","name":"Logiplus","description":"","potentialAction":[{"@type":"SearchAction","target":{"@type":"EntryPoint","urlTemplate":"https:\/\/www.logiplus.com\/fr\/?s={search_term_string}"},"query-input":{"@type":"PropertyValueSpecification","valueRequired":true,"valueName":"search_term_string"}}],"inLanguage":"fr-FR"}]}},"_links":{"self":[{"href":"https:\/\/www.logiplus.com\/fr\/wp-json\/wp\/v2\/pages\/175","targetHints":{"allow":["GET"]}}],"collection":[{"href":"https:\/\/www.logiplus.com\/fr\/wp-json\/wp\/v2\/pages"}],"about":[{"href":"https:\/\/www.logiplus.com\/fr\/wp-json\/wp\/v2\/types\/page"}],"author":[{"embeddable":true,"href":"https:\/\/www.logiplus.com\/fr\/wp-json\/wp\/v2\/users\/1"}],"replies":[{"embeddable":true,"href":"https:\/\/www.logiplus.com\/fr\/wp-json\/wp\/v2\/comments?post=175"}],"version-history":[{"count":9,"href":"https:\/\/www.logiplus.com\/fr\/wp-json\/wp\/v2\/pages\/175\/revisions"}],"predecessor-version":[{"id":1479,"href":"https:\/\/www.logiplus.com\/fr\/wp-json\/wp\/v2\/pages\/175\/revisions\/1479"}],"wp:attachment":[{"href":"https:\/\/www.logiplus.com\/fr\/wp-json\/wp\/v2\/media?parent=175"}],"curies":[{"name":"wp","href":"https:\/\/api.w.org\/{rel}","templated":true}]}}