{"id":170,"date":"2017-06-15T11:42:46","date_gmt":"2017-06-15T09:42:46","guid":{"rendered":"https:\/\/www.logiplus.com\/?page_id=170"},"modified":"2022-08-09T08:59:47","modified_gmt":"2022-08-09T06:59:47","slug":"qui-sommes-nous","status":"publish","type":"page","link":"https:\/\/www.logiplus.com\/fr\/qui-sommes-nous\/","title":{"rendered":"Qui sommes-nous ?"},"content":{"rendered":"<p><img loading=\"lazy\" decoding=\"async\" class=\"size-medium wp-image-1942 alignleft\" src=\"https:\/\/www.logiplus.com\/wp-content\/uploads\/2022\/08\/certificate-IRIS_400px-212x300.png\" alt=\"\" width=\"212\" height=\"300\" srcset=\"https:\/\/www.logiplus.com\/wp-content\/uploads\/2022\/08\/certificate-IRIS_400px-212x300.png 212w, https:\/\/www.logiplus.com\/wp-content\/uploads\/2022\/08\/certificate-IRIS_400px-283x400.png 283w, https:\/\/www.logiplus.com\/wp-content\/uploads\/2022\/08\/certificate-IRIS_400px.png 400w\" sizes=\"auto, (max-width: 212px) 100vw, 212px\" \/><img loading=\"lazy\" decoding=\"async\" class=\"size-medium wp-image-1944 alignleft\" src=\"https:\/\/www.logiplus.com\/wp-content\/uploads\/2022\/08\/certificate-ISO9001_400px-212x300.png\" alt=\"\" width=\"212\" height=\"300\" srcset=\"https:\/\/www.logiplus.com\/wp-content\/uploads\/2022\/08\/certificate-ISO9001_400px-212x300.png 212w, https:\/\/www.logiplus.com\/wp-content\/uploads\/2022\/08\/certificate-ISO9001_400px-283x400.png 283w, https:\/\/www.logiplus.com\/wp-content\/uploads\/2022\/08\/certificate-ISO9001_400px.png 400w\" sizes=\"auto, (max-width: 212px) 100vw, 212px\" \/><\/p>\r\n\r\n<h1>\u00a0<\/h1>\r\n<h1>\u00a0<\/h1>\r\n<h1>\u00a0<\/h1>\r\n<h1>\u00a0<\/h1>\r\n<h1>\u00a0<\/h1>\r\n<h1>\u00a0<\/h1>\r\n<h1>Logiplus est:<\/h1>\r\n<ul>\r\n<li>\r\n<h3>Notre m\u00e9tier<\/h3>\r\n<p>Etude et fabrication d\u2019\u00e9quipements \u00e9lectroniques ferroviaires et industriels.<\/p>\r\n<\/li>\r\n<li>\r\n<h3>Des produits s\u00fbrs, fiables et faits pour durer<\/h3>\r\n<p>Depuis la fondation en 1988, plus de 70.000 \u00e9quipements livr\u00e9s pour le mat\u00e9riel roulant des grands r\u00e9seaux europ\u00e9ens. Nos techniques de conception prennent particuli\u00e8rement en compte les aspects s\u00e9curit\u00e9, fiabilit\u00e9 et disponibilit\u00e9.<\/p>\r\n<\/li>\r\n<li>\r\n<h3>Notre r\u00f4le de conseil<\/h3>\r\n<p>Conseil d\u00e8s la phase de d\u00e9finition des sp\u00e9cifications et r\u00e9daction \u00e9ventuelle de celles-ci. Ma\u00eetrise des contraintes ergonomiques visuelles et acoustiques des \u00e9quipements install\u00e9s en cabine de conduite.<\/p>\r\n<\/li>\r\n<li>\r\n<h3>Une approche int\u00e9gr\u00e9e<\/h3>\r\n<p>Partenaire industriel responsable, Logiplus prend compl\u00e8tement en charge un \u00c9quipement depuis sa phase de conception jusqu&rsquo;\u00e0 sa maintenance \u00e0 long terme.<\/p>\r\n<\/li>\r\n<li>\r\n<h3>Ma\u00eetrise des normes<\/h3>\r\n<p>Logiplus ma\u00eetrise les normes de conception du mat\u00e9riel ferroviaire embarqu\u00e9 et du mat\u00e9riel industriel. Nos produits op\u00e8rent dans un environnement fortement perturb\u00e9 : temp\u00e9ratures extr\u00eames, humidit\u00e9, poussi\u00e8re, vibrations soutenues, milieu chimiquement agressif, fortes perturbations \u00e9lectromagn\u00e9tiques, &#8230;<\/p>\r\n<\/li>\r\n<li>\r\n<h3>Flexibilit\u00e9 et r\u00e9activit\u00e9<\/h3>\r\n<p>Flexibilit\u00e9 et r\u00e9activit\u00e9 sont les atouts nous permettant de r\u00e9pondre dans des d\u00e9lais brefs aux contraintes sp\u00e9cifiques des Clients.<\/p>\r\n<\/li>\r\n<li>\r\n<h3>Qualit\u00e9<\/h3>\r\n<p>Logiplus ma\u00eetrise les approvisionnements de l\u2019ensemble des fournitures qui entrent dans la fabrication des \u00e9quipements. Nos partenaires de fabrication sont s\u00e9lectionn\u00e9s pour r\u00e9pondre aux exigences particuli\u00e8res de qualification de l\u2019industrie et des r\u00e9seaux ferroviaires. Nous appliquons des proc\u00e9dures tr\u00e8s strictes de fabrication et de test du mat\u00e9riel. La tra\u00e7abilit\u00e9 des produits livr\u00e9s est parfaitement organis\u00e9e.<\/p>\r\n<\/li>\r\n<li>\r\n<h3>Maintenance \u00e0 long terme<\/h3>\r\n<p>Nous assurons le service apr\u00e8s-vente \u00e0 long terme de nos \u00e9quipements, en particulier pour les produits ferroviaires dont la dur\u00e9e de vie peut d\u00e9passer 25 ans.<\/p>\r\n<\/li>\r\n<\/ul>\r\n<h3><img loading=\"lazy\" decoding=\"async\" class=\"size-full wp-image-1949 alignright\" src=\"https:\/\/www.logiplus.com\/wp-content\/uploads\/2022\/08\/Logo-IRIS_250px.jpg\" alt=\"\" width=\"250\" height=\"173\" \/><\/h3>","protected":false},"excerpt":{"rendered":"<p>\u00a0 \u00a0 \u00a0 \u00a0 \u00a0 \u00a0 Logiplus est: Notre m\u00e9tier Etude et fabrication d\u2019\u00e9quipements \u00e9lectroniques ferroviaires et industriels. Des produits s\u00fbrs, fiables et faits pour durer Depuis la fondation en 1988, plus de 70.000 \u00e9quipements livr\u00e9s pour le mat\u00e9riel roulant des grands r\u00e9seaux europ\u00e9ens. Nos techniques de conception prennent particuli\u00e8rement en compte les aspects s\u00e9curit\u00e9, [&hellip;]<\/p>\n","protected":false},"author":1,"featured_media":0,"parent":0,"menu_order":0,"comment_status":"closed","ping_status":"closed","template":"page-template\/secondlevelpage.php","meta":{"_acf_changed":false,"footnotes":""},"class_list":["post-170","page","type-page","status-publish","hentry"],"acf":[],"yoast_head":"<!-- This site is optimized with the Yoast SEO plugin v27.3 - https:\/\/yoast.com\/product\/yoast-seo-wordpress\/ -->\n<title>Qui sommes-nous ? - Logiplus<\/title>\n<meta name=\"robots\" content=\"index, follow, max-snippet:-1, max-image-preview:large, max-video-preview:-1\" \/>\n<link rel=\"canonical\" href=\"https:\/\/www.logiplus.com\/fr\/qui-sommes-nous\/\" \/>\n<meta property=\"og:locale\" content=\"fr_FR\" \/>\n<meta property=\"og:type\" content=\"article\" \/>\n<meta property=\"og:title\" content=\"Qui sommes-nous ? - Logiplus\" \/>\n<meta property=\"og:description\" content=\"\u00a0 \u00a0 \u00a0 \u00a0 \u00a0 \u00a0 Logiplus est: Notre m\u00e9tier Etude et fabrication d\u2019\u00e9quipements \u00e9lectroniques ferroviaires et industriels. Des produits s\u00fbrs, fiables et faits pour durer Depuis la fondation en 1988, plus de 70.000 \u00e9quipements livr\u00e9s pour le mat\u00e9riel roulant des grands r\u00e9seaux europ\u00e9ens. Nos techniques de conception prennent particuli\u00e8rement en compte les aspects s\u00e9curit\u00e9, [&hellip;]\" \/>\n<meta property=\"og:url\" content=\"https:\/\/www.logiplus.com\/fr\/qui-sommes-nous\/\" \/>\n<meta property=\"og:site_name\" content=\"Logiplus\" \/>\n<meta property=\"article:modified_time\" content=\"2022-08-09T06:59:47+00:00\" \/>\n<meta property=\"og:image\" content=\"https:\/\/www.logiplus.com\/wp-content\/uploads\/2022\/08\/certificate-IRIS_400px-212x300.png\" \/>\n<meta name=\"twitter:card\" content=\"summary_large_image\" \/>\n<meta name=\"twitter:label1\" content=\"Dur\u00e9e de lecture estim\u00e9e\" \/>\n\t<meta name=\"twitter:data1\" content=\"1 minute\" \/>\n<script type=\"application\/ld+json\" class=\"yoast-schema-graph\">{\"@context\":\"https:\\\/\\\/schema.org\",\"@graph\":[{\"@type\":\"WebPage\",\"@id\":\"https:\\\/\\\/www.logiplus.com\\\/fr\\\/qui-sommes-nous\\\/\",\"url\":\"https:\\\/\\\/www.logiplus.com\\\/fr\\\/qui-sommes-nous\\\/\",\"name\":\"Qui sommes-nous ? - Logiplus\",\"isPartOf\":{\"@id\":\"https:\\\/\\\/www.logiplus.com\\\/fr\\\/#website\"},\"primaryImageOfPage\":{\"@id\":\"https:\\\/\\\/www.logiplus.com\\\/fr\\\/qui-sommes-nous\\\/#primaryimage\"},\"image\":{\"@id\":\"https:\\\/\\\/www.logiplus.com\\\/fr\\\/qui-sommes-nous\\\/#primaryimage\"},\"thumbnailUrl\":\"https:\\\/\\\/www.logiplus.com\\\/wp-content\\\/uploads\\\/2022\\\/08\\\/certificate-IRIS_400px-212x300.png\",\"datePublished\":\"2017-06-15T09:42:46+00:00\",\"dateModified\":\"2022-08-09T06:59:47+00:00\",\"breadcrumb\":{\"@id\":\"https:\\\/\\\/www.logiplus.com\\\/fr\\\/qui-sommes-nous\\\/#breadcrumb\"},\"inLanguage\":\"fr-FR\",\"potentialAction\":[{\"@type\":\"ReadAction\",\"target\":[\"https:\\\/\\\/www.logiplus.com\\\/fr\\\/qui-sommes-nous\\\/\"]}]},{\"@type\":\"ImageObject\",\"inLanguage\":\"fr-FR\",\"@id\":\"https:\\\/\\\/www.logiplus.com\\\/fr\\\/qui-sommes-nous\\\/#primaryimage\",\"url\":\"https:\\\/\\\/www.logiplus.com\\\/wp-content\\\/uploads\\\/2022\\\/08\\\/certificate-IRIS_400px-212x300.png\",\"contentUrl\":\"https:\\\/\\\/www.logiplus.com\\\/wp-content\\\/uploads\\\/2022\\\/08\\\/certificate-IRIS_400px-212x300.png\"},{\"@type\":\"BreadcrumbList\",\"@id\":\"https:\\\/\\\/www.logiplus.com\\\/fr\\\/qui-sommes-nous\\\/#breadcrumb\",\"itemListElement\":[{\"@type\":\"ListItem\",\"position\":1,\"name\":\"Home\",\"item\":\"https:\\\/\\\/www.logiplus.com\\\/fr\\\/\"},{\"@type\":\"ListItem\",\"position\":2,\"name\":\"Qui sommes-nous ?\"}]},{\"@type\":\"WebSite\",\"@id\":\"https:\\\/\\\/www.logiplus.com\\\/fr\\\/#website\",\"url\":\"https:\\\/\\\/www.logiplus.com\\\/fr\\\/\",\"name\":\"Logiplus\",\"description\":\"\",\"potentialAction\":[{\"@type\":\"SearchAction\",\"target\":{\"@type\":\"EntryPoint\",\"urlTemplate\":\"https:\\\/\\\/www.logiplus.com\\\/fr\\\/?s={search_term_string}\"},\"query-input\":{\"@type\":\"PropertyValueSpecification\",\"valueRequired\":true,\"valueName\":\"search_term_string\"}}],\"inLanguage\":\"fr-FR\"}]}<\/script>\n<!-- \/ Yoast SEO plugin. -->","yoast_head_json":{"title":"Qui sommes-nous ? - Logiplus","robots":{"index":"index","follow":"follow","max-snippet":"max-snippet:-1","max-image-preview":"max-image-preview:large","max-video-preview":"max-video-preview:-1"},"canonical":"https:\/\/www.logiplus.com\/fr\/qui-sommes-nous\/","og_locale":"fr_FR","og_type":"article","og_title":"Qui sommes-nous ? - Logiplus","og_description":"\u00a0 \u00a0 \u00a0 \u00a0 \u00a0 \u00a0 Logiplus est: Notre m\u00e9tier Etude et fabrication d\u2019\u00e9quipements \u00e9lectroniques ferroviaires et industriels. Des produits s\u00fbrs, fiables et faits pour durer Depuis la fondation en 1988, plus de 70.000 \u00e9quipements livr\u00e9s pour le mat\u00e9riel roulant des grands r\u00e9seaux europ\u00e9ens. Nos techniques de conception prennent particuli\u00e8rement en compte les aspects s\u00e9curit\u00e9, [&hellip;]","og_url":"https:\/\/www.logiplus.com\/fr\/qui-sommes-nous\/","og_site_name":"Logiplus","article_modified_time":"2022-08-09T06:59:47+00:00","og_image":[{"url":"https:\/\/www.logiplus.com\/wp-content\/uploads\/2022\/08\/certificate-IRIS_400px-212x300.png","type":"","width":"","height":""}],"twitter_card":"summary_large_image","twitter_misc":{"Dur\u00e9e de lecture estim\u00e9e":"1 minute"},"schema":{"@context":"https:\/\/schema.org","@graph":[{"@type":"WebPage","@id":"https:\/\/www.logiplus.com\/fr\/qui-sommes-nous\/","url":"https:\/\/www.logiplus.com\/fr\/qui-sommes-nous\/","name":"Qui sommes-nous ? - Logiplus","isPartOf":{"@id":"https:\/\/www.logiplus.com\/fr\/#website"},"primaryImageOfPage":{"@id":"https:\/\/www.logiplus.com\/fr\/qui-sommes-nous\/#primaryimage"},"image":{"@id":"https:\/\/www.logiplus.com\/fr\/qui-sommes-nous\/#primaryimage"},"thumbnailUrl":"https:\/\/www.logiplus.com\/wp-content\/uploads\/2022\/08\/certificate-IRIS_400px-212x300.png","datePublished":"2017-06-15T09:42:46+00:00","dateModified":"2022-08-09T06:59:47+00:00","breadcrumb":{"@id":"https:\/\/www.logiplus.com\/fr\/qui-sommes-nous\/#breadcrumb"},"inLanguage":"fr-FR","potentialAction":[{"@type":"ReadAction","target":["https:\/\/www.logiplus.com\/fr\/qui-sommes-nous\/"]}]},{"@type":"ImageObject","inLanguage":"fr-FR","@id":"https:\/\/www.logiplus.com\/fr\/qui-sommes-nous\/#primaryimage","url":"https:\/\/www.logiplus.com\/wp-content\/uploads\/2022\/08\/certificate-IRIS_400px-212x300.png","contentUrl":"https:\/\/www.logiplus.com\/wp-content\/uploads\/2022\/08\/certificate-IRIS_400px-212x300.png"},{"@type":"BreadcrumbList","@id":"https:\/\/www.logiplus.com\/fr\/qui-sommes-nous\/#breadcrumb","itemListElement":[{"@type":"ListItem","position":1,"name":"Home","item":"https:\/\/www.logiplus.com\/fr\/"},{"@type":"ListItem","position":2,"name":"Qui sommes-nous ?"}]},{"@type":"WebSite","@id":"https:\/\/www.logiplus.com\/fr\/#website","url":"https:\/\/www.logiplus.com\/fr\/","name":"Logiplus","description":"","potentialAction":[{"@type":"SearchAction","target":{"@type":"EntryPoint","urlTemplate":"https:\/\/www.logiplus.com\/fr\/?s={search_term_string}"},"query-input":{"@type":"PropertyValueSpecification","valueRequired":true,"valueName":"search_term_string"}}],"inLanguage":"fr-FR"}]}},"_links":{"self":[{"href":"https:\/\/www.logiplus.com\/fr\/wp-json\/wp\/v2\/pages\/170","targetHints":{"allow":["GET"]}}],"collection":[{"href":"https:\/\/www.logiplus.com\/fr\/wp-json\/wp\/v2\/pages"}],"about":[{"href":"https:\/\/www.logiplus.com\/fr\/wp-json\/wp\/v2\/types\/page"}],"author":[{"embeddable":true,"href":"https:\/\/www.logiplus.com\/fr\/wp-json\/wp\/v2\/users\/1"}],"replies":[{"embeddable":true,"href":"https:\/\/www.logiplus.com\/fr\/wp-json\/wp\/v2\/comments?post=170"}],"version-history":[{"count":40,"href":"https:\/\/www.logiplus.com\/fr\/wp-json\/wp\/v2\/pages\/170\/revisions"}],"predecessor-version":[{"id":1951,"href":"https:\/\/www.logiplus.com\/fr\/wp-json\/wp\/v2\/pages\/170\/revisions\/1951"}],"wp:attachment":[{"href":"https:\/\/www.logiplus.com\/fr\/wp-json\/wp\/v2\/media?parent=170"}],"curies":[{"name":"wp","href":"https:\/\/api.w.org\/{rel}","templated":true}]}}